{"id":1057,"date":"2025-12-30T16:44:34","date_gmt":"2025-12-30T16:44:34","guid":{"rendered":"https:\/\/pragmalaw.lu\/notre-equipe\/"},"modified":"2026-03-25T15:30:16","modified_gmt":"2026-03-25T15:30:16","slug":"notre-equipe","status":"publish","type":"page","link":"https:\/\/pragmalaw.lu\/fr\/notre-equipe\/","title":{"rendered":"Notre \u00e9quipe"},"content":{"rendered":"\t\t<div data-elementor-type=\"wp-page\" data-elementor-id=\"1057\" class=\"elementor elementor-1057 elementor-730\" data-elementor-post-type=\"page\">\n\t\t\t\t<div class=\"elementor-element elementor-element-a360329 e-flex e-con-boxed e-con e-parent\" data-id=\"a360329\" data-element_type=\"container\" data-e-type=\"container\" data-settings=\"{&quot;background_background&quot;:&quot;classic&quot;}\">\n\t\t\t\t\t<div class=\"e-con-inner\">\n\t\t\t\t<div class=\"elementor-element elementor-element-6a8dd51 elementor-widget elementor-widget-spacer\" data-id=\"6a8dd51\" data-element_type=\"widget\" data-e-type=\"widget\" data-widget_type=\"spacer.default\">\n\t\t\t\t\t\t\t<div class=\"elementor-spacer\">\n\t\t\t<div class=\"elementor-spacer-inner\"><\/div>\n\t\t<\/div>\n\t\t\t\t\t\t<\/div>\n\t\t\t\t\t<\/div>\n\t\t\t\t<\/div>\n\t\t<div class=\"elementor-element elementor-element-6d6cab1 e-flex e-con-boxed e-con e-parent\" data-id=\"6d6cab1\" data-element_type=\"container\" data-e-type=\"container\" data-settings=\"{&quot;background_background&quot;:&quot;classic&quot;}\">\n\t\t\t\t\t<div class=\"e-con-inner\">\n\t\t<div class=\"elementor-element elementor-element-a786237 e-con-full e-flex e-con e-child\" data-id=\"a786237\" data-element_type=\"container\" data-e-type=\"container\">\n\t\t\t\t<div class=\"elementor-element elementor-element-47bd37a elementor-widget__width-inherit animated-slow elementor-invisible elementor-widget elementor-widget-heading\" data-id=\"47bd37a\" data-element_type=\"widget\" data-e-type=\"widget\" data-settings=\"{&quot;_animation&quot;:&quot;fadeIn&quot;,&quot;_animation_delay&quot;:400}\" data-widget_type=\"heading.default\">\n\t\t\t\t\t<h1 class=\"elementor-heading-title elementor-size-default\">Notre \u00e9quipe<\/h1>\t\t\t\t<\/div>\n\t\t\t\t<\/div>\n\t\t\t\t\t<\/div>\n\t\t\t\t<\/div>\n\t\t<div class=\"elementor-element elementor-element-aacdc63 e-flex e-con-boxed e-con e-parent\" data-id=\"aacdc63\" data-element_type=\"container\" data-e-type=\"container\" data-settings=\"{&quot;background_background&quot;:&quot;classic&quot;}\">\n\t\t\t\t\t<div class=\"e-con-inner\">\n\t\t<div class=\"elementor-element elementor-element-a12daa0 e-con-full e-flex e-con e-child\" data-id=\"a12daa0\" data-element_type=\"container\" data-e-type=\"container\">\n\t\t\t\t<div class=\"elementor-element elementor-element-ac2ede0 elementor-widget elementor-widget-image\" data-id=\"ac2ede0\" data-element_type=\"widget\" data-e-type=\"widget\" data-widget_type=\"image.default\">\n\t\t\t\t\t\t\t\t\t\t\t\t\t\t\t<img fetchpriority=\"high\" decoding=\"async\" width=\"1708\" height=\"2560\" src=\"https:\/\/pragmalaw.lu\/wp-content\/uploads\/2025\/12\/Nicolas-HAMBLENNE-scaled-1.webp\" class=\"attachment-full size-full wp-image-1027\" alt=\"\" srcset=\"https:\/\/pragmalaw.lu\/wp-content\/uploads\/2025\/12\/Nicolas-HAMBLENNE-scaled-1.webp 1708w, https:\/\/pragmalaw.lu\/wp-content\/uploads\/2025\/12\/Nicolas-HAMBLENNE-scaled-1-334x500.webp 334w, https:\/\/pragmalaw.lu\/wp-content\/uploads\/2025\/12\/Nicolas-HAMBLENNE-scaled-1-801x1200.webp 801w, https:\/\/pragmalaw.lu\/wp-content\/uploads\/2025\/12\/Nicolas-HAMBLENNE-scaled-1-200x300.webp 200w, https:\/\/pragmalaw.lu\/wp-content\/uploads\/2025\/12\/Nicolas-HAMBLENNE-scaled-1-768x1151.webp 768w, https:\/\/pragmalaw.lu\/wp-content\/uploads\/2025\/12\/Nicolas-HAMBLENNE-scaled-1-1025x1536.webp 1025w, https:\/\/pragmalaw.lu\/wp-content\/uploads\/2025\/12\/Nicolas-HAMBLENNE-scaled-1-1366x2048.webp 1366w, https:\/\/pragmalaw.lu\/wp-content\/uploads\/2025\/12\/Nicolas-HAMBLENNE-scaled-1-50x75.webp 50w, https:\/\/pragmalaw.lu\/wp-content\/uploads\/2025\/12\/Nicolas-HAMBLENNE-scaled-1-480x719.webp 480w\" sizes=\"(max-width:767px) 480px, (max-width:1708px) 100vw, 1708px\" \/>\t\t\t\t\t\t\t\t\t\t\t\t\t\t\t<\/div>\n\t\t\t\t<\/div>\n\t\t<div class=\"elementor-element elementor-element-aec72fb e-con-full e-flex e-con e-child\" data-id=\"aec72fb\" data-element_type=\"container\" data-e-type=\"container\">\n\t\t\t\t<div class=\"elementor-element elementor-element-0a3dbfd animated-slow elementor-invisible elementor-widget elementor-widget-heading\" data-id=\"0a3dbfd\" data-element_type=\"widget\" data-e-type=\"widget\" data-settings=\"{&quot;_animation&quot;:&quot;fadeIn&quot;,&quot;_animation_delay&quot;:400}\" data-widget_type=\"heading.default\">\n\t\t\t\t\t<h2 class=\"elementor-heading-title elementor-size-default\">Nicolas HAMBLENNE<\/h2>\t\t\t\t<\/div>\n\t\t\t\t<div class=\"elementor-element elementor-element-87f8ad0 animated-slow elementor-invisible elementor-widget elementor-widget-heading\" data-id=\"87f8ad0\" data-element_type=\"widget\" data-e-type=\"widget\" data-settings=\"{&quot;_animation&quot;:&quot;fadeIn&quot;,&quot;_animation_delay&quot;:400}\" data-widget_type=\"heading.default\">\n\t\t\t\t\t<h4 class=\"elementor-heading-title elementor-size-default\">Associ\u00e9 g\u00e9rant<\/h4>\t\t\t\t<\/div>\n\t\t\t\t<div class=\"elementor-element elementor-element-ce81e73 animated-slow elementor-invisible elementor-widget elementor-widget-heading\" data-id=\"ce81e73\" data-element_type=\"widget\" data-e-type=\"widget\" data-settings=\"{&quot;_animation&quot;:&quot;fadeIn&quot;,&quot;_animation_delay&quot;:400}\" data-widget_type=\"heading.default\">\n\t\t\t\t\t<h4 class=\"elementor-heading-title elementor-size-default\">Avocat \u00e0 la Cour au Barreau de Luxembourg<\/h4>\t\t\t\t<\/div>\n\t\t\t\t<div class=\"elementor-element elementor-element-2d2b74b animated-slow elementor-invisible elementor-widget elementor-widget-heading\" data-id=\"2d2b74b\" data-element_type=\"widget\" data-e-type=\"widget\" data-settings=\"{&quot;_animation&quot;:&quot;fadeIn&quot;,&quot;_animation_delay&quot;:400}\" data-widget_type=\"heading.default\">\n\t\t\t\t\t<h4 class=\"elementor-heading-title elementor-size-default\">Avocat au Barreau de Bruxelles<\/h4>\t\t\t\t<\/div>\n\t\t\t\t<div class=\"elementor-element elementor-element-b4b92f9 animated-slow elementor-invisible elementor-widget elementor-widget-text-editor\" data-id=\"b4b92f9\" data-element_type=\"widget\" data-e-type=\"widget\" data-settings=\"{&quot;_animation&quot;:&quot;fadeIn&quot;,&quot;_animation_delay&quot;:400}\" data-widget_type=\"text-editor.default\">\n\t\t\t\t\t\t\t\t\t<p>Nicolas Hamblenne est l&rsquo;associ\u00e9 g\u00e9rant de PRAGMA Law, fort de 12 ans d&rsquo;exp\u00e9rience internationale dans le conseil \u00e0 des clients au Luxembourg, en Belgique et au Royaume-Uni.<\/p><p>Nicolas est sp\u00e9cialis\u00e9 dans l&rsquo;intersection de la <strong>technologie, de la propri\u00e9t\u00e9 intellectuelle, des m\u00e9dias et de la protection des donn\u00e9es<\/strong>. Il fournit des conseils strat\u00e9giques sur un large \u00e9ventail de questions informatiques, avec un accent particulier sur la conformit\u00e9 au RGPD, les accords commerciaux et le droit du marketing. Au-del\u00e0 de la conformit\u00e9 r\u00e9glementaire, Nicolas est profond\u00e9ment impliqu\u00e9 dans l&rsquo;aide aux clients pour optimiser leurs strat\u00e9gies de propri\u00e9t\u00e9 intellectuelle, en g\u00e9rant la protection, l&rsquo;application et la n\u00e9gociation de contrats complexes de licence et de distribution impliquant des actifs incorporels tels que les droits d&rsquo;auteur et les droits de marque.<\/p><p>\u00c9tant proactif dans la communaut\u00e9 juridique, Nicolas est le <strong>pr\u00e9sident du groupe juridique de la Chambre de commerce britannique (BCC)<\/strong> et est membre de la <strong>Commission IA du Barreau de Luxembourg<\/strong>. Il a \u00e9galement \u00e9t\u00e9 pr\u00e9sident de la section luxembourgeoise de l&rsquo;IAPP (2022-2025).<\/p><p>D\u00e9di\u00e9 \u00e0 l&rsquo;avenir du droit de la protection de la vie priv\u00e9e, Nicolas est certifi\u00e9 CIPP\/E depuis 2017 et enseigne les bases du droit de la protection des donn\u00e9es et du droit des m\u00e9dias aux \u00e9tudiants de Master \u00e0 l&rsquo;IHECS Bruxelles depuis 2016.<\/p>\t\t\t\t\t\t\t\t<\/div>\n\t\t\t\t<\/div>\n\t\t\t\t\t<\/div>\n\t\t\t\t<\/div>\n\t\t\t\t<\/div>\n\t\t","protected":false},"excerpt":{"rendered":"<p>Notre \u00e9quipe Nicolas HAMBLENNE Associ\u00e9 g\u00e9rant Avocat \u00e0 la Cour au Barreau de Luxembourg Avocat au Barreau de Bruxelles Nicolas Hamblenne est l&rsquo;associ\u00e9 g\u00e9rant de PRAGMA<span class=\"excerpt-hellip\"> [\u2026]<\/span><\/p>\n","protected":false},"author":1,"featured_media":1012,"parent":0,"menu_order":0,"comment_status":"closed","ping_status":"closed","template":"elementor_header_footer","meta":{"footnotes":""},"class_list":["post-1057","page","type-page","status-publish","has-post-thumbnail","hentry"],"_links":{"self":[{"href":"https:\/\/pragmalaw.lu\/fr\/wp-json\/wp\/v2\/pages\/1057","targetHints":{"allow":["GET"]}}],"collection":[{"href":"https:\/\/pragmalaw.lu\/fr\/wp-json\/wp\/v2\/pages"}],"about":[{"href":"https:\/\/pragmalaw.lu\/fr\/wp-json\/wp\/v2\/types\/page"}],"author":[{"embeddable":true,"href":"https:\/\/pragmalaw.lu\/fr\/wp-json\/wp\/v2\/users\/1"}],"replies":[{"embeddable":true,"href":"https:\/\/pragmalaw.lu\/fr\/wp-json\/wp\/v2\/comments?post=1057"}],"version-history":[{"count":4,"href":"https:\/\/pragmalaw.lu\/fr\/wp-json\/wp\/v2\/pages\/1057\/revisions"}],"predecessor-version":[{"id":1406,"href":"https:\/\/pragmalaw.lu\/fr\/wp-json\/wp\/v2\/pages\/1057\/revisions\/1406"}],"wp:featuredmedia":[{"embeddable":true,"href":"https:\/\/pragmalaw.lu\/fr\/wp-json\/wp\/v2\/media\/1012"}],"wp:attachment":[{"href":"https:\/\/pragmalaw.lu\/fr\/wp-json\/wp\/v2\/media?parent=1057"}],"curies":[{"name":"wp","href":"https:\/\/api.w.org\/{rel}","templated":true}]}}